{"id":253130,"date":"2024-09-03T16:08:00","date_gmt":"2024-09-03T21:08:00","guid":{"rendered":"https:\/\/turismolocalmedellin.com\/?page_id=253130"},"modified":"2024-09-27T11:56:18","modified_gmt":"2024-09-27T16:56:18","slug":"nosotros","status":"publish","type":"page","link":"https:\/\/turismolocalmedellin.com\/index.php\/nosotros\/","title":{"rendered":"Nosotros"},"content":{"rendered":"<p>[et_pb_section fb_built=\u00bb1&#8243; fullwidth=\u00bbon\u00bb _builder_version=\u00bb4.22.2&#8243; _module_preset=\u00bbdefault\u00bb width_tablet=\u00bb\u00bb width_phone=\u00bb100%\u00bb width_last_edited=\u00bbon|phone\u00bb max_width=\u00bb100%\u00bb min_height_tablet=\u00bb\u00bb min_height_phone=\u00bb420px\u00bb min_height_last_edited=\u00bbon|phone\u00bb height_tablet=\u00bb\u00bb height_phone=\u00bb\u00bb height_last_edited=\u00bbon|phone\u00bb max_height_tablet=\u00bb\u00bb max_height_phone=\u00bb1000px\u00bb max_height_last_edited=\u00bbon|phone\u00bb global_colors_info=\u00bb{}\u00bb][et_pb_fullwidth_header title=\u00bbNosotros\u00bb header_fullscreen=\u00bbon\u00bb _builder_version=\u00bb4.22.2&#8243; _module_preset=\u00bbdefault\u00bb title_font=\u00bbChunkfive|500|||||||\u00bb title_text_align=\u00bbcenter\u00bb title_text_color=\u00bb#FFFFFF\u00bb title_font_size=\u00bb120px\u00bb background_image=\u00bbhttps:\/\/turismolocalmedellin.com\/wp-content\/uploads\/2024\/09\/Turismo-Local-Medellin-4-1.png\u00bb hover_enabled=\u00bb0&#8243; title_font_size_tablet=\u00bb114px\u00bb title_font_size_phone=\u00bb70px\u00bb title_font_size_last_edited=\u00bbon|phone\u00bb title_text_shadow_style=\u00bbpreset1&#8243; global_colors_info=\u00bb{}\u00bb background_last_edited=\u00bbon|phone\u00bb sticky_enabled=\u00bb0&#8243; title_text=\u00bbNosotros &#8211; Turismo Local Medell\u00edn\u00bb background_image_phone=\u00bbhttps:\/\/turismolocalmedellin.com\/wp-content\/uploads\/2024\/09\/Nosotros-Turismo-Local-Medellin.png\u00bb background_enable_image_phone=\u00bbon\u00bb][\/et_pb_fullwidth_header][\/et_pb_section][et_pb_section fb_built=\u00bb1&#8243; _builder_version=\u00bb4.22.2&#8243; _module_preset=\u00bbdefault\u00bb custom_margin=\u00bb-8px||||false|false\u00bb global_colors_info=\u00bb{}\u00bb][et_pb_row _builder_version=\u00bb4.22.2&#8243; _module_preset=\u00bbdefault\u00bb custom_margin=\u00bb-27px||||false|false\u00bb global_colors_info=\u00bb{}\u00bb][et_pb_column type=\u00bb4_4&#8243; _builder_version=\u00bb4.22.2&#8243; _module_preset=\u00bbdefault\u00bb global_colors_info=\u00bb{}\u00bb][et_pb_text _builder_version=\u00bb4.22.2&#8243; _module_preset=\u00bbdefault\u00bb text_font=\u00bbPoppins||||||||\u00bb text_text_color=\u00bb#063e61&#8243; text_font_size=\u00bb16px\u00bb header_font=\u00bbChunkfive|100|||||||\u00bb header_text_color=\u00bb#ffcd00&#8243; global_colors_info=\u00bb{}\u00bb]<\/p>\n<p style=\"text-align: center;\">\u00a1Hola, parceros! Somos un equipo apasionado por Medell\u00edn y queremos que vivas la<br \/>ciudad como un local. Aqu\u00ed, cada experiencia es \u00fanica y adaptada a ti.<\/p>\n<p style=\"text-align: center;\">\n<h1 style=\"text-align: center;\">\u00a1Vamos a hacer de tu viaje algo inolvidable!<\/h1>\n<p>[\/et_pb_text][\/et_pb_column][\/et_pb_row][et_pb_row column_structure=\u00bb1_3,1_3,1_3&#8243; _builder_version=\u00bb4.22.2&#8243; _module_preset=\u00bbdefault\u00bb global_colors_info=\u00bb{}\u00bb][et_pb_column type=\u00bb1_3&#8243; _builder_version=\u00bb4.22.2&#8243; _module_preset=\u00bbdefault\u00bb global_colors_info=\u00bb{}\u00bb][\/et_pb_column][et_pb_column type=\u00bb1_3&#8243; _builder_version=\u00bb4.22.2&#8243; _module_preset=\u00bbdefault\u00bb global_colors_info=\u00bb{}\u00bb][et_pb_blurb title=\u00bbAutenticidad\u00bb image=\u00bbhttps:\/\/turismolocalmedellin.com\/wp-content\/uploads\/2024\/09\/authenticity-1.png\u00bb image_icon_width=\u00bb65%\u00bb content_max_width=\u00bb536px\u00bb _builder_version=\u00bb4.22.2&#8243; _module_preset=\u00bbdefault\u00bb header_font=\u00bbChunkfive|100|||||||\u00bb header_text_color=\u00bb#a4c342&#8243; header_font_size=\u00bb30px\u00bb body_font=\u00bbPoppins||||||||\u00bb body_text_color=\u00bb#063e61&#8243; body_font_size=\u00bb16px\u00bb text_orientation=\u00bbcenter\u00bb custom_margin=\u00bb||||false|false\u00bb custom_padding=\u00bb20px||20px||true|false\u00bb custom_padding_tablet=\u00bb20px||20px||true|false\u00bb custom_padding_phone=\u00bb|10px||10px|true|true\u00bb custom_padding_last_edited=\u00bbon|tablet\u00bb border_radii=\u00bbon|20px|20px|20px|20px\u00bb border_width_all=\u00bb1px\u00bb border_color_all=\u00bb#a4c342&#8243; box_shadow_style=\u00bbpreset3&#8243; box_shadow_vertical=\u00bb10px\u00bb box_shadow_spread=\u00bb-4px\u00bb global_colors_info=\u00bb{}\u00bb]<\/p>\n<p style=\"text-align: center;\">Te llevamos a lugares que cuentan<br \/>historias reales.<\/p>\n<p>[\/et_pb_blurb][\/et_pb_column][et_pb_column type=\u00bb1_3&#8243; _builder_version=\u00bb4.22.2&#8243; _module_preset=\u00bbdefault\u00bb global_colors_info=\u00bb{}\u00bb][\/et_pb_column][\/et_pb_row][et_pb_row column_structure=\u00bb1_3,1_3,1_3&#8243; _builder_version=\u00bb4.22.2&#8243; _module_preset=\u00bbdefault\u00bb global_colors_info=\u00bb{}\u00bb][et_pb_column type=\u00bb1_3&#8243; _builder_version=\u00bb4.22.2&#8243; _module_preset=\u00bbdefault\u00bb global_colors_info=\u00bb{}\u00bb][et_pb_blurb title=\u00bbCercan\u00eda\u00bb image=\u00bbhttps:\/\/turismolocalmedellin.com\/wp-content\/uploads\/2024\/09\/union-1.png\u00bb image_icon_width=\u00bb65%\u00bb content_max_width=\u00bb536px\u00bb _builder_version=\u00bb4.22.2&#8243; _module_preset=\u00bbdefault\u00bb header_font=\u00bbChunkfive|100|||||||\u00bb header_text_color=\u00bb#a4c342&#8243; header_font_size=\u00bb30px\u00bb body_font=\u00bbPoppins||||||||\u00bb body_text_color=\u00bb#063e61&#8243; body_font_size=\u00bb16px\u00bb text_orientation=\u00bbcenter\u00bb custom_margin=\u00bb||||false|false\u00bb custom_padding=\u00bb20px||20px||true|false\u00bb custom_padding_tablet=\u00bb20px||20px||true|false\u00bb custom_padding_phone=\u00bb|10px||10px|true|true\u00bb custom_padding_last_edited=\u00bbon|tablet\u00bb border_radii=\u00bbon|20px|20px|20px|20px\u00bb border_width_all=\u00bb1px\u00bb border_color_all=\u00bb#a4c342&#8243; box_shadow_style=\u00bbpreset3&#8243; box_shadow_vertical=\u00bb10px\u00bb box_shadow_spread=\u00bb-4px\u00bb global_colors_info=\u00bb{}\u00bb]<\/p>\n<p style=\"text-align: center;\">Nos gusta conocerte. Hacemos que cada interacci\u00f3n sea especial.<\/p>\n<p>[\/et_pb_blurb][\/et_pb_column][et_pb_column type=\u00bb1_3&#8243; _builder_version=\u00bb4.22.2&#8243; _module_preset=\u00bbdefault\u00bb global_colors_info=\u00bb{}\u00bb][et_pb_image src=\u00bbhttps:\/\/turismolocalmedellin.com\/wp-content\/uploads\/2024\/09\/5.png\u00bb title_text=\u00bb5&#8243; disabled_on=\u00bbon|on|off\u00bb _builder_version=\u00bb4.22.2&#8243; _module_preset=\u00bbdefault\u00bb global_colors_info=\u00bb{}\u00bb][\/et_pb_image][\/et_pb_column][et_pb_column type=\u00bb1_3&#8243; _builder_version=\u00bb4.22.2&#8243; _module_preset=\u00bbdefault\u00bb global_colors_info=\u00bb{}\u00bb][et_pb_blurb title=\u00bbPersonalizaci\u00f3n\u00bb image=\u00bbhttps:\/\/turismolocalmedellin.com\/wp-content\/uploads\/2024\/09\/Personalizar-medellin-1.png\u00bb image_icon_width=\u00bb65%\u00bb content_max_width=\u00bb536px\u00bb _builder_version=\u00bb4.22.2&#8243; _module_preset=\u00bbdefault\u00bb header_font=\u00bbChunkfive|100|||||||\u00bb header_text_color=\u00bb#a4c342&#8243; header_font_size=\u00bb30px\u00bb body_font=\u00bbPoppins||||||||\u00bb body_text_color=\u00bb#063e61&#8243; body_font_size=\u00bb16px\u00bb text_orientation=\u00bbcenter\u00bb custom_margin=\u00bb||||false|false\u00bb custom_padding=\u00bb20px||20px||true|false\u00bb custom_padding_tablet=\u00bb20px||20px||true|false\u00bb custom_padding_phone=\u00bb|10px||10px|true|true\u00bb custom_padding_last_edited=\u00bbon|tablet\u00bb border_radii=\u00bbon|20px|20px|20px|20px\u00bb border_width_all=\u00bb1px\u00bb border_color_all=\u00bb#a4c342&#8243; box_shadow_style=\u00bbpreset3&#8243; box_shadow_vertical=\u00bb10px\u00bb box_shadow_spread=\u00bb-4px\u00bb global_colors_info=\u00bb{}\u00bb]<\/p>\n<p style=\"text-align: center;\">Tu viaje, tus reglas. Cada<br \/>experiencia es hecha a tu medida.<\/p>\n<p>[\/et_pb_blurb][\/et_pb_column][\/et_pb_row][et_pb_row column_structure=\u00bb1_2,1_2&#8243; _builder_version=\u00bb4.22.2&#8243; _module_preset=\u00bbdefault\u00bb global_colors_info=\u00bb{}\u00bb][et_pb_column type=\u00bb1_2&#8243; _builder_version=\u00bb4.22.2&#8243; _module_preset=\u00bbdefault\u00bb global_colors_info=\u00bb{}\u00bb][et_pb_blurb title=\u00bbPasi\u00f3n\u00bb image=\u00bbhttps:\/\/turismolocalmedellin.com\/wp-content\/uploads\/2024\/09\/Pasion-Medellin-1.png\u00bb image_icon_width=\u00bb65%\u00bb content_max_width=\u00bb536px\u00bb _builder_version=\u00bb4.22.2&#8243; _module_preset=\u00bbdefault\u00bb header_font=\u00bbChunkfive|100|||||||\u00bb header_text_color=\u00bb#a4c342&#8243; header_font_size=\u00bb30px\u00bb body_font=\u00bbPoppins||||||||\u00bb body_text_color=\u00bb#063e61&#8243; body_font_size=\u00bb16px\u00bb image_icon_custom_margin=\u00bb||-21px||false|false\u00bb text_orientation=\u00bbcenter\u00bb custom_margin=\u00bb||||false|false\u00bb custom_padding=\u00bb20px||20px||true|false\u00bb custom_padding_tablet=\u00bb20px||20px||true|false\u00bb custom_padding_phone=\u00bb|10px||10px|true|true\u00bb custom_padding_last_edited=\u00bbon|tablet\u00bb border_radii=\u00bbon|20px|20px|20px|20px\u00bb border_width_all=\u00bb1px\u00bb border_color_all=\u00bb#a4c342&#8243; box_shadow_style=\u00bbpreset3&#8243; box_shadow_vertical=\u00bb10px\u00bb box_shadow_spread=\u00bb-4px\u00bb global_colors_info=\u00bb{}\u00bb]<\/p>\n<p style=\"text-align: center;\">Amamos nuestra ciudad y queremos<br \/>que t\u00fa tambi\u00e9n la ames.<\/p>\n<p>[\/et_pb_blurb][\/et_pb_column][et_pb_column type=\u00bb1_2&#8243; _builder_version=\u00bb4.22.2&#8243; _module_preset=\u00bbdefault\u00bb global_colors_info=\u00bb{}\u00bb][et_pb_blurb title=\u00bbCalidad\u00bb image=\u00bbhttps:\/\/turismolocalmedellin.com\/wp-content\/uploads\/2024\/09\/Calidad-medellin-1.png\u00bb image_icon_width=\u00bb65%\u00bb content_max_width=\u00bb536px\u00bb _builder_version=\u00bb4.22.2&#8243; _module_preset=\u00bbdefault\u00bb header_font=\u00bbChunkfive|100|||||||\u00bb header_text_color=\u00bb#a4c342&#8243; header_font_size=\u00bb30px\u00bb body_font=\u00bbPoppins||||||||\u00bb body_text_color=\u00bb#063e61&#8243; body_font_size=\u00bb16px\u00bb image_icon_custom_margin=\u00bb||-21px||false|false\u00bb text_orientation=\u00bbcenter\u00bb custom_margin=\u00bb||||false|false\u00bb custom_padding=\u00bb20px||20px||true|false\u00bb custom_padding_tablet=\u00bb20px||20px||true|false\u00bb custom_padding_phone=\u00bb|10px||10px|true|true\u00bb custom_padding_last_edited=\u00bbon|tablet\u00bb border_radii=\u00bbon|20px|20px|20px|20px\u00bb border_width_all=\u00bb1px\u00bb border_color_all=\u00bb#a4c342&#8243; box_shadow_style=\u00bbpreset3&#8243; box_shadow_vertical=\u00bb10px\u00bb box_shadow_spread=\u00bb-4px\u00bb global_colors_info=\u00bb{}\u00bb]<\/p>\n<p style=\"text-align: center;\">Lo mejor para ti. Nos aseguramos de que<br \/>cada detalle est\u00e9 perfecto.<\/p>\n<p>[\/et_pb_blurb][\/et_pb_column][\/et_pb_row][\/et_pb_section]<\/p>\n","protected":false},"excerpt":{"rendered":"<p>\u00a1Hola, parceros! Somos un equipo apasionado por Medell\u00edn y queremos que vivas laciudad como un local. Aqu\u00ed, cada experiencia es \u00fanica y adaptada a ti. \u00a1Vamos a hacer de tu viaje algo inolvidable!Te llevamos a lugares que cuentanhistorias reales.Nos gusta conocerte. Hacemos que cada interacci\u00f3n sea especial.Tu viaje, tus reglas. Cadaexperiencia es hecha a tu [&hellip;]<\/p>\n","protected":false},"author":3,"featured_media":0,"parent":0,"menu_order":0,"comment_status":"closed","ping_status":"closed","template":"","meta":{"_et_pb_use_builder":"on","_et_pb_old_content":"","_et_gb_content_width":"","_joinchat":[],"footnotes":""},"class_list":["post-253130","page","type-page","status-publish","hentry"],"yoast_head":"<!-- This site is optimized with the Yoast SEO plugin v23.5 - https:\/\/yoast.com\/wordpress\/plugins\/seo\/ -->\n<title>Nosotros - Turismo Local Medell\u00edn<\/title>\n<meta name=\"robots\" content=\"index, follow, max-snippet:-1, max-image-preview:large, max-video-preview:-1\" \/>\n<link rel=\"canonical\" href=\"https:\/\/turismolocalmedellin.com\/index.php\/nosotros\/\" \/>\n<meta property=\"og:locale\" content=\"es_ES\" \/>\n<meta property=\"og:type\" content=\"article\" \/>\n<meta property=\"og:title\" content=\"Nosotros - Turismo Local Medell\u00edn\" \/>\n<meta property=\"og:description\" content=\"\u00a1Hola, parceros! Somos un equipo apasionado por Medell\u00edn y queremos que vivas laciudad como un local. Aqu\u00ed, cada experiencia es \u00fanica y adaptada a ti. \u00a1Vamos a hacer de tu viaje algo inolvidable!Te llevamos a lugares que cuentanhistorias reales.Nos gusta conocerte. Hacemos que cada interacci\u00f3n sea especial.Tu viaje, tus reglas. Cadaexperiencia es hecha a tu [&hellip;]\" \/>\n<meta property=\"og:url\" content=\"https:\/\/turismolocalmedellin.com\/index.php\/nosotros\/\" \/>\n<meta property=\"og:site_name\" content=\"Turismo Local Medell\u00edn\" \/>\n<meta property=\"article:publisher\" content=\"https:\/\/web.facebook.com\/profile.php?id=61553393267879\" \/>\n<meta property=\"article:modified_time\" content=\"2024-09-27T16:56:18+00:00\" \/>\n<meta name=\"twitter:card\" content=\"summary_large_image\" \/>\n<meta name=\"twitter:label1\" content=\"Tiempo de lectura\" \/>\n\t<meta name=\"twitter:data1\" content=\"6 minutos\" \/>\n<script type=\"application\/ld+json\" class=\"yoast-schema-graph\">{\"@context\":\"https:\/\/schema.org\",\"@graph\":[{\"@type\":\"WebPage\",\"@id\":\"https:\/\/turismolocalmedellin.com\/index.php\/nosotros\/\",\"url\":\"https:\/\/turismolocalmedellin.com\/index.php\/nosotros\/\",\"name\":\"Nosotros - Turismo Local Medell\u00edn\",\"isPartOf\":{\"@id\":\"https:\/\/turismolocalmedellin.com\/#website\"},\"datePublished\":\"2024-09-03T21:08:00+00:00\",\"dateModified\":\"2024-09-27T16:56:18+00:00\",\"breadcrumb\":{\"@id\":\"https:\/\/turismolocalmedellin.com\/index.php\/nosotros\/#breadcrumb\"},\"inLanguage\":\"es\",\"potentialAction\":[{\"@type\":\"ReadAction\",\"target\":[\"https:\/\/turismolocalmedellin.com\/index.php\/nosotros\/\"]}]},{\"@type\":\"BreadcrumbList\",\"@id\":\"https:\/\/turismolocalmedellin.com\/index.php\/nosotros\/#breadcrumb\",\"itemListElement\":[{\"@type\":\"ListItem\",\"position\":1,\"name\":\"Portada\",\"item\":\"https:\/\/turismolocalmedellin.com\/\"},{\"@type\":\"ListItem\",\"position\":2,\"name\":\"Nosotros\"}]},{\"@type\":\"WebSite\",\"@id\":\"https:\/\/turismolocalmedellin.com\/#website\",\"url\":\"https:\/\/turismolocalmedellin.com\/\",\"name\":\"Turismo Local Medell\u00edn\",\"description\":\"\",\"publisher\":{\"@id\":\"https:\/\/turismolocalmedellin.com\/#organization\"},\"potentialAction\":[{\"@type\":\"SearchAction\",\"target\":{\"@type\":\"EntryPoint\",\"urlTemplate\":\"https:\/\/turismolocalmedellin.com\/?s={search_term_string}\"},\"query-input\":{\"@type\":\"PropertyValueSpecification\",\"valueRequired\":true,\"valueName\":\"search_term_string\"}}],\"inLanguage\":\"es\"},{\"@type\":\"Organization\",\"@id\":\"https:\/\/turismolocalmedellin.com\/#organization\",\"name\":\"Turismo Local Medell\u00edn\",\"url\":\"https:\/\/turismolocalmedellin.com\/\",\"logo\":{\"@type\":\"ImageObject\",\"inLanguage\":\"es\",\"@id\":\"https:\/\/turismolocalmedellin.com\/#\/schema\/logo\/image\/\",\"url\":\"https:\/\/turismolocalmedellin.com\/wp-content\/uploads\/2024\/09\/cropped-5.png\",\"contentUrl\":\"https:\/\/turismolocalmedellin.com\/wp-content\/uploads\/2024\/09\/cropped-5.png\",\"width\":512,\"height\":512,\"caption\":\"Turismo Local Medell\u00edn\"},\"image\":{\"@id\":\"https:\/\/turismolocalmedellin.com\/#\/schema\/logo\/image\/\"},\"sameAs\":[\"https:\/\/web.facebook.com\/profile.php?id=61553393267879\",\"https:\/\/www.instagram.com\/turismolocalmedellin\/\"]}]}<\/script>\n<!-- \/ Yoast SEO plugin. -->","yoast_head_json":{"title":"Nosotros - Turismo Local Medell\u00edn","robots":{"index":"index","follow":"follow","max-snippet":"max-snippet:-1","max-image-preview":"max-image-preview:large","max-video-preview":"max-video-preview:-1"},"canonical":"https:\/\/turismolocalmedellin.com\/index.php\/nosotros\/","og_locale":"es_ES","og_type":"article","og_title":"Nosotros - Turismo Local Medell\u00edn","og_description":"\u00a1Hola, parceros! Somos un equipo apasionado por Medell\u00edn y queremos que vivas laciudad como un local. Aqu\u00ed, cada experiencia es \u00fanica y adaptada a ti. \u00a1Vamos a hacer de tu viaje algo inolvidable!Te llevamos a lugares que cuentanhistorias reales.Nos gusta conocerte. Hacemos que cada interacci\u00f3n sea especial.Tu viaje, tus reglas. Cadaexperiencia es hecha a tu [&hellip;]","og_url":"https:\/\/turismolocalmedellin.com\/index.php\/nosotros\/","og_site_name":"Turismo Local Medell\u00edn","article_publisher":"https:\/\/web.facebook.com\/profile.php?id=61553393267879","article_modified_time":"2024-09-27T16:56:18+00:00","twitter_card":"summary_large_image","twitter_misc":{"Tiempo de lectura":"6 minutos"},"schema":{"@context":"https:\/\/schema.org","@graph":[{"@type":"WebPage","@id":"https:\/\/turismolocalmedellin.com\/index.php\/nosotros\/","url":"https:\/\/turismolocalmedellin.com\/index.php\/nosotros\/","name":"Nosotros - Turismo Local Medell\u00edn","isPartOf":{"@id":"https:\/\/turismolocalmedellin.com\/#website"},"datePublished":"2024-09-03T21:08:00+00:00","dateModified":"2024-09-27T16:56:18+00:00","breadcrumb":{"@id":"https:\/\/turismolocalmedellin.com\/index.php\/nosotros\/#breadcrumb"},"inLanguage":"es","potentialAction":[{"@type":"ReadAction","target":["https:\/\/turismolocalmedellin.com\/index.php\/nosotros\/"]}]},{"@type":"BreadcrumbList","@id":"https:\/\/turismolocalmedellin.com\/index.php\/nosotros\/#breadcrumb","itemListElement":[{"@type":"ListItem","position":1,"name":"Portada","item":"https:\/\/turismolocalmedellin.com\/"},{"@type":"ListItem","position":2,"name":"Nosotros"}]},{"@type":"WebSite","@id":"https:\/\/turismolocalmedellin.com\/#website","url":"https:\/\/turismolocalmedellin.com\/","name":"Turismo Local Medell\u00edn","description":"","publisher":{"@id":"https:\/\/turismolocalmedellin.com\/#organization"},"potentialAction":[{"@type":"SearchAction","target":{"@type":"EntryPoint","urlTemplate":"https:\/\/turismolocalmedellin.com\/?s={search_term_string}"},"query-input":{"@type":"PropertyValueSpecification","valueRequired":true,"valueName":"search_term_string"}}],"inLanguage":"es"},{"@type":"Organization","@id":"https:\/\/turismolocalmedellin.com\/#organization","name":"Turismo Local Medell\u00edn","url":"https:\/\/turismolocalmedellin.com\/","logo":{"@type":"ImageObject","inLanguage":"es","@id":"https:\/\/turismolocalmedellin.com\/#\/schema\/logo\/image\/","url":"https:\/\/turismolocalmedellin.com\/wp-content\/uploads\/2024\/09\/cropped-5.png","contentUrl":"https:\/\/turismolocalmedellin.com\/wp-content\/uploads\/2024\/09\/cropped-5.png","width":512,"height":512,"caption":"Turismo Local Medell\u00edn"},"image":{"@id":"https:\/\/turismolocalmedellin.com\/#\/schema\/logo\/image\/"},"sameAs":["https:\/\/web.facebook.com\/profile.php?id=61553393267879","https:\/\/www.instagram.com\/turismolocalmedellin\/"]}]}},"_links":{"self":[{"href":"https:\/\/turismolocalmedellin.com\/index.php\/wp-json\/wp\/v2\/pages\/253130"}],"collection":[{"href":"https:\/\/turismolocalmedellin.com\/index.php\/wp-json\/wp\/v2\/pages"}],"about":[{"href":"https:\/\/turismolocalmedellin.com\/index.php\/wp-json\/wp\/v2\/types\/page"}],"author":[{"embeddable":true,"href":"https:\/\/turismolocalmedellin.com\/index.php\/wp-json\/wp\/v2\/users\/3"}],"replies":[{"embeddable":true,"href":"https:\/\/turismolocalmedellin.com\/index.php\/wp-json\/wp\/v2\/comments?post=253130"}],"version-history":[{"count":17,"href":"https:\/\/turismolocalmedellin.com\/index.php\/wp-json\/wp\/v2\/pages\/253130\/revisions"}],"predecessor-version":[{"id":253598,"href":"https:\/\/turismolocalmedellin.com\/index.php\/wp-json\/wp\/v2\/pages\/253130\/revisions\/253598"}],"wp:attachment":[{"href":"https:\/\/turismolocalmedellin.com\/index.php\/wp-json\/wp\/v2\/media?parent=253130"}],"curies":[{"name":"wp","href":"https:\/\/api.w.org\/{rel}","templated":true}]}}