{"id":252984,"date":"2023-10-10T06:36:59","date_gmt":"2023-10-10T04:36:59","guid":{"rendered":"https:\/\/turismolocalmedellin.com\/?page_id=252984"},"modified":"2024-09-27T15:01:41","modified_gmt":"2024-09-27T20:01:41","slug":"contactanos","status":"publish","type":"page","link":"https:\/\/turismolocalmedellin.com\/index.php\/contactanos\/","title":{"rendered":"Contacto"},"content":{"rendered":"\n[et_pb_section fb_built=\u00bb1&#8243; fullwidth=\u00bbon\u00bb _builder_version=\u00bb4.22.2&#8243; _module_preset=\u00bbdefault\u00bb global_colors_info=\u00bb{}\u00bb][et_pb_fullwidth_header title=\u00bbCont\u00e1ctanos\u00bb header_fullscreen=\u00bbon\u00bb _builder_version=\u00bb4.22.2&#8243; _module_preset=\u00bbdefault\u00bb title_font=\u00bbChunkfive|500|||||||\u00bb title_text_align=\u00bbcenter\u00bb title_text_color=\u00bb#ffcd00&#8243; title_font_size=\u00bb114px\u00bb background_image=\u00bbhttps:\/\/turismolocalmedellin.com\/wp-content\/uploads\/2024\/09\/Guatape-Antioquia-Turismo-local-medellin-1.png\u00bb hover_enabled=\u00bb0&#8243; title_font_size_tablet=\u00bb114px\u00bb title_font_size_phone=\u00bb42px\u00bb title_font_size_last_edited=\u00bbon|phone\u00bb background_last_edited=\u00bbon|phone\u00bb background_image_phone=\u00bbhttps:\/\/turismolocalmedellin.com\/wp-content\/uploads\/2024\/09\/Guatape-Turismo-Local-Medellin-4.png\u00bb background_enable_image_phone=\u00bbon\u00bb title_text_shadow_style=\u00bbpreset1&#8243; global_colors_info=\u00bb{}\u00bb sticky_enabled=\u00bb0&#8243;][\/et_pb_fullwidth_header][\/et_pb_section][et_pb_section fb_built=\u00bb1&#8243; _builder_version=\u00bb4.22.2&#8243; _module_preset=\u00bbdefault\u00bb custom_padding=\u00bb27px||10px|||\u00bb top_divider_color=\u00bb#f9f9f9&#8243; global_colors_info=\u00bb{}\u00bb][et_pb_row column_structure=\u00bb1_3,2_3&#8243; _builder_version=\u00bb4.22.2&#8243; _module_preset=\u00bbdefault\u00bb custom_padding=\u00bb||50px|||\u00bb global_colors_info=\u00bb{}\u00bb][et_pb_column type=\u00bb1_3&#8243; _builder_version=\u00bb4.22.2&#8243; _module_preset=\u00bbdefault\u00bb global_colors_info=\u00bb{}\u00bb][et_pb_blurb title=\u00bbTel\u00e9fono\u00bb use_icon=\u00bbon\u00bb font_icon=\u00bb&#xe090;||divi||400&#8243; icon_color=\u00bb#FFFFFF\u00bb image_icon_background_color=\u00bb#ffcd00&#8243; icon_placement=\u00bbleft\u00bb image_icon_width=\u00bb20px\u00bb _builder_version=\u00bb4.22.2&#8243; _module_preset=\u00bbdefault\u00bb header_font=\u00bbChunkfive|500|||||||\u00bb header_text_color=\u00bb#ffcd00&#8243; body_font=\u00bbPoppins|300|||||||\u00bb custom_padding=\u00bb20px|30px|20px|30px|true|true\u00bb hover_enabled=\u00bb0&#8243; border_radii=\u00bbon|20px|20px|20px|20px\u00bb border_width_all=\u00bb1px\u00bb border_color_all=\u00bb#eeeeee\u00bb border_radii_image=\u00bbon|30px|30px|30px|30px\u00bb border_width_all_image=\u00bb5px\u00bb border_color_all_image=\u00bb#ffcd00&#8243; global_colors_info=\u00bb{}\u00bb header_level=\u00bbh2&#8243; sticky_enabled=\u00bb0&#8243;]<p><a href=\"tel:3044549363\">+57 3044549363<\/a><\/p>[\/et_pb_blurb][et_pb_blurb title=\u00bbCorreo Electr\u00f3nico\u00bb use_icon=\u00bbon\u00bb font_icon=\u00bb&#xf1fa;||fa||900&#8243; icon_color=\u00bb#FFFFFF\u00bb image_icon_background_color=\u00bb#ffcd00&#8243; icon_placement=\u00bbleft\u00bb image_icon_width=\u00bb20px\u00bb _builder_version=\u00bb4.22.2&#8243; _module_preset=\u00bbdefault\u00bb header_font=\u00bbChunkfive|500|||||||\u00bb header_text_color=\u00bb#ffcd00&#8243; body_font=\u00bbPoppins|300|||||||\u00bb custom_padding=\u00bb20px|30px|20px|30px|true|true\u00bb hover_enabled=\u00bb0&#8243; border_radii=\u00bbon|20px|20px|20px|20px\u00bb border_width_all=\u00bb1px\u00bb border_color_all=\u00bb#eeeeee\u00bb border_radii_image=\u00bbon|30px|30px|30px|30px\u00bb border_width_all_image=\u00bb5px\u00bb border_color_all_image=\u00bb#ffcd00&#8243; global_colors_info=\u00bb{}\u00bb header_level=\u00bbh2&#8243; sticky_enabled=\u00bb0&#8243;]<p>turismolocalmedellin@gmail.com<\/p>[\/et_pb_blurb][\/et_pb_column][et_pb_column type=\u00bb2_3&#8243; _builder_version=\u00bb4.22.2&#8243; _module_preset=\u00bbdefault\u00bb global_colors_info=\u00bb{}\u00bb][et_pb_divider color=\u00bb#ffcd00&#8243; divider_style=\u00bbdashed\u00bb divider_position=\u00bbcenter\u00bb divider_weight=\u00bb2px\u00bb _builder_version=\u00bb4.22.2&#8243; _module_preset=\u00bbdefault\u00bb width=\u00bb35%\u00bb module_alignment=\u00bbleft\u00bb custom_margin=\u00bb||6px|||\u00bb global_colors_info=\u00bb{}\u00bb][\/et_pb_divider][et_pb_text _builder_version=\u00bb4.22.2&#8243; _module_preset=\u00bbdefault\u00bb text_font=\u00bbPoppins||||||||\u00bb text_font_size=\u00bb16px\u00bb text_line_height=\u00bb1.6em\u00bb header_2_font=\u00bbChunkfive|500|||||||\u00bb header_2_text_align=\u00bbleft\u00bb header_2_text_color=\u00bb#ffcd00&#8243; header_2_font_size=\u00bb30px\u00bb header_2_line_height=\u00bb1.3em\u00bb custom_margin=\u00bb||8px|||\u00bb custom_padding=\u00bb||0px|||\u00bb global_colors_info=\u00bb{}\u00bb]<p>Hagamos juntos una aventura incre\u00edble<\/p>\n<h2>Cont\u00e1ctanos.<\/h2>[\/et_pb_text][et_pb_contact_form email=\u00bbturismolocalmedellin@gmail.com\u00bb custom_message=\u00bbNombre: %%Nombre%%||et_pb_line_break_holder||Email: %%Email%%||et_pb_line_break_holder||Tel\u00e9fono: %%Telefono%%||et_pb_line_break_holder||Plan de tu inter\u00e9s: %%Plan_de_tu_interes%%||et_pb_line_break_holder||Mensaje: %%Mensaje%%\u00bb success_message=\u00bb\u00a1Muchas gracias registrarte, en minutos nos comunicaremos contigo!\u00bb _builder_version=\u00bb4.22.2&#8243; _module_preset=\u00bbdefault\u00bb _unique_id=\u00bb33045fe0-ddb6-4924-a0ac-2b3a2f5193ee\u00bb form_field_background_color=\u00bb#FFFFFF\u00bb form_field_font=\u00bbPoppins||||||||\u00bb custom_button=\u00bbon\u00bb button_text_color=\u00bb#FFFFFF\u00bb button_bg_color=\u00bb#ffcd00&#8243; button_font=\u00bbChunkfive|300|||||||\u00bb border_radii=\u00bbon|25px|25px|25px|25px\u00bb border_width_all=\u00bb1px\u00bb border_color_all=\u00bb#e5e5e5&#8243; global_colors_info=\u00bb{}\u00bb][et_pb_contact_field field_id=\u00bbNombre\u00bb field_title=\u00bbNombre\u00bb _builder_version=\u00bb4.22.2&#8243; global_colors_info=\u00bb{}\u00bb button_text_size__hover_enabled=\u00bboff\u00bb button_one_text_size__hover_enabled=\u00bboff\u00bb button_two_text_size__hover_enabled=\u00bboff\u00bb button_text_color__hover_enabled=\u00bboff\u00bb button_one_text_color__hover_enabled=\u00bboff\u00bb button_two_text_color__hover_enabled=\u00bboff\u00bb button_border_width__hover_enabled=\u00bboff\u00bb button_one_border_width__hover_enabled=\u00bboff\u00bb button_two_border_width__hover_enabled=\u00bboff\u00bb button_border_color__hover_enabled=\u00bboff\u00bb button_one_border_color__hover_enabled=\u00bboff\u00bb button_two_border_color__hover_enabled=\u00bboff\u00bb button_border_radius__hover_enabled=\u00bboff\u00bb button_one_border_radius__hover_enabled=\u00bboff\u00bb button_two_border_radius__hover_enabled=\u00bboff\u00bb button_letter_spacing__hover_enabled=\u00bboff\u00bb button_one_letter_spacing__hover_enabled=\u00bboff\u00bb button_two_letter_spacing__hover_enabled=\u00bboff\u00bb button_bg_color__hover_enabled=\u00bboff\u00bb button_one_bg_color__hover_enabled=\u00bboff\u00bb button_two_bg_color__hover_enabled=\u00bboff\u00bb][\/et_pb_contact_field][et_pb_contact_field field_id=\u00bbEmail\u00bb field_title=\u00bbDirecci\u00f3n de correo electr\u00f3nico\u00bb field_type=\u00bbemail\u00bb _builder_version=\u00bb4.16&#8243; global_colors_info=\u00bb{}\u00bb button_text_size__hover_enabled=\u00bboff\u00bb button_one_text_size__hover_enabled=\u00bboff\u00bb button_two_text_size__hover_enabled=\u00bboff\u00bb button_text_color__hover_enabled=\u00bboff\u00bb button_one_text_color__hover_enabled=\u00bboff\u00bb button_two_text_color__hover_enabled=\u00bboff\u00bb button_border_width__hover_enabled=\u00bboff\u00bb button_one_border_width__hover_enabled=\u00bboff\u00bb button_two_border_width__hover_enabled=\u00bboff\u00bb button_border_color__hover_enabled=\u00bboff\u00bb button_one_border_color__hover_enabled=\u00bboff\u00bb button_two_border_color__hover_enabled=\u00bboff\u00bb button_border_radius__hover_enabled=\u00bboff\u00bb button_one_border_radius__hover_enabled=\u00bboff\u00bb button_two_border_radius__hover_enabled=\u00bboff\u00bb button_letter_spacing__hover_enabled=\u00bboff\u00bb button_one_letter_spacing__hover_enabled=\u00bboff\u00bb button_two_letter_spacing__hover_enabled=\u00bboff\u00bb button_bg_color__hover_enabled=\u00bboff\u00bb button_one_bg_color__hover_enabled=\u00bboff\u00bb button_two_bg_color__hover_enabled=\u00bboff\u00bb][\/et_pb_contact_field][et_pb_contact_field field_id=\u00bbTelefono\u00bb field_title=\u00bbTelefono\u00bb _builder_version=\u00bb4.22.2&#8243; global_colors_info=\u00bb{}\u00bb button_text_size__hover_enabled=\u00bboff\u00bb button_one_text_size__hover_enabled=\u00bboff\u00bb button_two_text_size__hover_enabled=\u00bboff\u00bb button_text_color__hover_enabled=\u00bboff\u00bb button_one_text_color__hover_enabled=\u00bboff\u00bb button_two_text_color__hover_enabled=\u00bboff\u00bb button_border_width__hover_enabled=\u00bboff\u00bb button_one_border_width__hover_enabled=\u00bboff\u00bb button_two_border_width__hover_enabled=\u00bboff\u00bb button_border_color__hover_enabled=\u00bboff\u00bb button_one_border_color__hover_enabled=\u00bboff\u00bb button_two_border_color__hover_enabled=\u00bboff\u00bb button_border_radius__hover_enabled=\u00bboff\u00bb button_one_border_radius__hover_enabled=\u00bboff\u00bb button_two_border_radius__hover_enabled=\u00bboff\u00bb button_letter_spacing__hover_enabled=\u00bboff\u00bb button_one_letter_spacing__hover_enabled=\u00bboff\u00bb button_two_letter_spacing__hover_enabled=\u00bboff\u00bb button_bg_color__hover_enabled=\u00bboff\u00bb button_one_bg_color__hover_enabled=\u00bboff\u00bb button_two_bg_color__hover_enabled=\u00bboff\u00bb][\/et_pb_contact_field][et_pb_contact_field field_id=\u00bbPlan_de_tu_interes\u00bb field_title=\u00bbTour de tu inter\u00e9s\u00bb field_type=\u00bbselect\u00bb select_options=\u00bb%91{%22value%22:%22Parche City Tour + Comuna 13%22,%22checked%22:0,%22dragID%22:-1},{%22value%22:%22Parche tour Guatap\u00e9%22,%22checked%22:0,%22dragID%22:0},{%22value%22:%22Parche N\u00e1poles%22,%22checked%22:0,%22dragID%22:1},{%22value%22:%22Experiencia cultural Medell\u00edn%22,%22checked%22:0,%22dragID%22:2},{%22value%22:%22Experiencia cultural Guatap\u00e9%22,%22checked%22:0,%22dragID%22:3},{%22value%22:%22Experiencia cultural Comuna 13%22,%22checked%22:0,%22dragID%22:4},{%22value%22:%22Experiencia cultural Pablo Escobar%22,%22checked%22:0,%22dragID%22:5},{%22value%22:%22Experiencia cultural Cafetera%22,%22checked%22:0,%22dragID%22:6},{%22value%22:%22Experiencia cultural Miradores%22,%22checked%22:0,%22dragID%22:7},{%22value%22:%22Experiencia cultural Cartagena%22,%22checked%22:0,%22dragID%22:8},{%22value%22:%22Experiencia cultural Eje Cafetero%22,%22checked%22:0,%22dragID%22:9},{%22value%22:%22Experiencia cultural Bogot\u00e1%22,%22checked%22:0,%22dragID%22:10}%93&#8243; _builder_version=\u00bb4.22.2&#8243; _module_preset=\u00bbdefault\u00bb global_colors_info=\u00bb{}\u00bb][\/et_pb_contact_field][et_pb_contact_field field_id=\u00bbMensaje\u00bb field_title=\u00bbMensaje\u00bb field_type=\u00bbtext\u00bb fullwidth_field=\u00bbon\u00bb _builder_version=\u00bb4.22.2&#8243; global_colors_info=\u00bb{}\u00bb button_text_size__hover_enabled=\u00bboff\u00bb button_one_text_size__hover_enabled=\u00bboff\u00bb button_two_text_size__hover_enabled=\u00bboff\u00bb button_text_color__hover_enabled=\u00bboff\u00bb button_one_text_color__hover_enabled=\u00bboff\u00bb button_two_text_color__hover_enabled=\u00bboff\u00bb button_border_width__hover_enabled=\u00bboff\u00bb button_one_border_width__hover_enabled=\u00bboff\u00bb button_two_border_width__hover_enabled=\u00bboff\u00bb button_border_color__hover_enabled=\u00bboff\u00bb button_one_border_color__hover_enabled=\u00bboff\u00bb button_two_border_color__hover_enabled=\u00bboff\u00bb button_border_radius__hover_enabled=\u00bboff\u00bb button_one_border_radius__hover_enabled=\u00bboff\u00bb button_two_border_radius__hover_enabled=\u00bboff\u00bb button_letter_spacing__hover_enabled=\u00bboff\u00bb button_one_letter_spacing__hover_enabled=\u00bboff\u00bb button_two_letter_spacing__hover_enabled=\u00bboff\u00bb button_bg_color__hover_enabled=\u00bboff\u00bb button_one_bg_color__hover_enabled=\u00bboff\u00bb button_two_bg_color__hover_enabled=\u00bboff\u00bb][\/et_pb_contact_field][\/et_pb_contact_form][\/et_pb_column][\/et_pb_row][et_pb_row _builder_version=\u00bb4.22.2&#8243; _module_preset=\u00bbdefault\u00bb custom_margin=\u00bb0px||0px||false|false\u00bb custom_padding=\u00bb0px||0px||false|false\u00bb border_radii=\u00bbon|50px|50px|50px|50px\u00bb global_colors_info=\u00bb{}\u00bb][et_pb_column type=\u00bb4_4&#8243; _builder_version=\u00bb4.22.2&#8243; _module_preset=\u00bbdefault\u00bb global_colors_info=\u00bb{}\u00bb][et_pb_code _builder_version=\u00bb4.22.2&#8243; _module_preset=\u00bbdefault\u00bb global_colors_info=\u00bb{}\u00bb]<iframe src=\"https:\/\/www.google.com\/maps\/embed?pb=!1m18!1m12!1m3!1d63458.3596624465!2d-75.62241116808062!3d6.24428717183932!2m3!1f0!2f0!3f0!3m2!1i1024!2i768!4f13.1!3m3!1m2!1s0x8e4428dfb80fad05%3A0x42137cfcc7b53b56!2sMedell%C3%ADn%2C%20Antioquia%2C%20Colombia!5e0!3m2!1ses!2sve!4v1697118562480!5m2!1ses!2sve\" width=\"1400\" height=\"400\" style=\"border:0;\" allowfullscreen=\"\" loading=\"lazy\" referrerpolicy=\"no-referrer-when-downgrade\"><\/iframe>[\/et_pb_code][\/et_pb_column][\/et_pb_row][\/et_pb_section]\n","protected":false},"excerpt":{"rendered":"<p>+57 3044549363turismolocalmedellin@gmail.comHagamos juntos una aventura incre\u00edble Cont\u00e1ctanos.<\/p>\n","protected":false},"author":2,"featured_media":0,"parent":0,"menu_order":0,"comment_status":"closed","ping_status":"closed","template":"","meta":{"_et_pb_use_builder":"on","_et_pb_old_content":"<!-- wp:divi\/placeholder \/-->","_et_gb_content_width":"","_joinchat":[],"footnotes":""},"class_list":["post-252984","page","type-page","status-publish","hentry"],"yoast_head":"<!-- This site is optimized with the Yoast SEO plugin v23.5 - https:\/\/yoast.com\/wordpress\/plugins\/seo\/ -->\n<title>Cont\u00e1ctanos - Turismo Local Medell\u00edn<\/title>\n<meta name=\"description\" content=\"Cont\u00e1ctanos y hagamos juntos una aventura incre\u00edble. Reg\u00edstrate en nuestro formulario de contacto y prep\u00e1rate para una experiencia memorable.\" \/>\n<meta name=\"robots\" content=\"index, follow, max-snippet:-1, max-image-preview:large, max-video-preview:-1\" \/>\n<link rel=\"canonical\" href=\"https:\/\/turismolocalmedellin.com\/index.php\/contactanos\/\" \/>\n<meta property=\"og:locale\" content=\"es_ES\" \/>\n<meta property=\"og:type\" content=\"article\" \/>\n<meta property=\"og:title\" content=\"Cont\u00e1ctanos - Turismo Local Medell\u00edn\" \/>\n<meta property=\"og:description\" content=\"Cont\u00e1ctanos y hagamos juntos una aventura incre\u00edble. Reg\u00edstrate en nuestro formulario de contacto y prep\u00e1rate para una experiencia memorable.\" \/>\n<meta property=\"og:url\" content=\"https:\/\/turismolocalmedellin.com\/index.php\/contactanos\/\" \/>\n<meta property=\"og:site_name\" content=\"Turismo Local Medell\u00edn\" \/>\n<meta property=\"article:publisher\" content=\"https:\/\/web.facebook.com\/profile.php?id=61553393267879\" \/>\n<meta property=\"article:modified_time\" content=\"2024-09-27T20:01:41+00:00\" \/>\n<meta name=\"twitter:card\" content=\"summary_large_image\" \/>\n<meta name=\"twitter:label1\" content=\"Tiempo de lectura\" \/>\n\t<meta name=\"twitter:data1\" content=\"1 minuto\" \/>\n<script type=\"application\/ld+json\" class=\"yoast-schema-graph\">{\"@context\":\"https:\/\/schema.org\",\"@graph\":[{\"@type\":\"WebPage\",\"@id\":\"https:\/\/turismolocalmedellin.com\/index.php\/contactanos\/\",\"url\":\"https:\/\/turismolocalmedellin.com\/index.php\/contactanos\/\",\"name\":\"Cont\u00e1ctanos - Turismo Local Medell\u00edn\",\"isPartOf\":{\"@id\":\"https:\/\/turismolocalmedellin.com\/#website\"},\"datePublished\":\"2023-10-10T04:36:59+00:00\",\"dateModified\":\"2024-09-27T20:01:41+00:00\",\"description\":\"Cont\u00e1ctanos y hagamos juntos una aventura incre\u00edble. Reg\u00edstrate en nuestro formulario de contacto y prep\u00e1rate para una experiencia memorable.\",\"breadcrumb\":{\"@id\":\"https:\/\/turismolocalmedellin.com\/index.php\/contactanos\/#breadcrumb\"},\"inLanguage\":\"es\",\"potentialAction\":[{\"@type\":\"ReadAction\",\"target\":[\"https:\/\/turismolocalmedellin.com\/index.php\/contactanos\/\"]}]},{\"@type\":\"BreadcrumbList\",\"@id\":\"https:\/\/turismolocalmedellin.com\/index.php\/contactanos\/#breadcrumb\",\"itemListElement\":[{\"@type\":\"ListItem\",\"position\":1,\"name\":\"Portada\",\"item\":\"https:\/\/turismolocalmedellin.com\/\"},{\"@type\":\"ListItem\",\"position\":2,\"name\":\"Contacto\"}]},{\"@type\":\"WebSite\",\"@id\":\"https:\/\/turismolocalmedellin.com\/#website\",\"url\":\"https:\/\/turismolocalmedellin.com\/\",\"name\":\"Turismo Local Medell\u00edn\",\"description\":\"\",\"publisher\":{\"@id\":\"https:\/\/turismolocalmedellin.com\/#organization\"},\"potentialAction\":[{\"@type\":\"SearchAction\",\"target\":{\"@type\":\"EntryPoint\",\"urlTemplate\":\"https:\/\/turismolocalmedellin.com\/?s={search_term_string}\"},\"query-input\":{\"@type\":\"PropertyValueSpecification\",\"valueRequired\":true,\"valueName\":\"search_term_string\"}}],\"inLanguage\":\"es\"},{\"@type\":\"Organization\",\"@id\":\"https:\/\/turismolocalmedellin.com\/#organization\",\"name\":\"Turismo Local Medell\u00edn\",\"url\":\"https:\/\/turismolocalmedellin.com\/\",\"logo\":{\"@type\":\"ImageObject\",\"inLanguage\":\"es\",\"@id\":\"https:\/\/turismolocalmedellin.com\/#\/schema\/logo\/image\/\",\"url\":\"https:\/\/turismolocalmedellin.com\/wp-content\/uploads\/2024\/09\/cropped-5.png\",\"contentUrl\":\"https:\/\/turismolocalmedellin.com\/wp-content\/uploads\/2024\/09\/cropped-5.png\",\"width\":512,\"height\":512,\"caption\":\"Turismo Local Medell\u00edn\"},\"image\":{\"@id\":\"https:\/\/turismolocalmedellin.com\/#\/schema\/logo\/image\/\"},\"sameAs\":[\"https:\/\/web.facebook.com\/profile.php?id=61553393267879\",\"https:\/\/www.instagram.com\/turismolocalmedellin\/\"]}]}<\/script>\n<!-- \/ Yoast SEO plugin. -->","yoast_head_json":{"title":"Cont\u00e1ctanos - Turismo Local Medell\u00edn","description":"Cont\u00e1ctanos y hagamos juntos una aventura incre\u00edble. Reg\u00edstrate en nuestro formulario de contacto y prep\u00e1rate para una experiencia memorable.","robots":{"index":"index","follow":"follow","max-snippet":"max-snippet:-1","max-image-preview":"max-image-preview:large","max-video-preview":"max-video-preview:-1"},"canonical":"https:\/\/turismolocalmedellin.com\/index.php\/contactanos\/","og_locale":"es_ES","og_type":"article","og_title":"Cont\u00e1ctanos - Turismo Local Medell\u00edn","og_description":"Cont\u00e1ctanos y hagamos juntos una aventura incre\u00edble. Reg\u00edstrate en nuestro formulario de contacto y prep\u00e1rate para una experiencia memorable.","og_url":"https:\/\/turismolocalmedellin.com\/index.php\/contactanos\/","og_site_name":"Turismo Local Medell\u00edn","article_publisher":"https:\/\/web.facebook.com\/profile.php?id=61553393267879","article_modified_time":"2024-09-27T20:01:41+00:00","twitter_card":"summary_large_image","twitter_misc":{"Tiempo de lectura":"1 minuto"},"schema":{"@context":"https:\/\/schema.org","@graph":[{"@type":"WebPage","@id":"https:\/\/turismolocalmedellin.com\/index.php\/contactanos\/","url":"https:\/\/turismolocalmedellin.com\/index.php\/contactanos\/","name":"Cont\u00e1ctanos - Turismo Local Medell\u00edn","isPartOf":{"@id":"https:\/\/turismolocalmedellin.com\/#website"},"datePublished":"2023-10-10T04:36:59+00:00","dateModified":"2024-09-27T20:01:41+00:00","description":"Cont\u00e1ctanos y hagamos juntos una aventura incre\u00edble. Reg\u00edstrate en nuestro formulario de contacto y prep\u00e1rate para una experiencia memorable.","breadcrumb":{"@id":"https:\/\/turismolocalmedellin.com\/index.php\/contactanos\/#breadcrumb"},"inLanguage":"es","potentialAction":[{"@type":"ReadAction","target":["https:\/\/turismolocalmedellin.com\/index.php\/contactanos\/"]}]},{"@type":"BreadcrumbList","@id":"https:\/\/turismolocalmedellin.com\/index.php\/contactanos\/#breadcrumb","itemListElement":[{"@type":"ListItem","position":1,"name":"Portada","item":"https:\/\/turismolocalmedellin.com\/"},{"@type":"ListItem","position":2,"name":"Contacto"}]},{"@type":"WebSite","@id":"https:\/\/turismolocalmedellin.com\/#website","url":"https:\/\/turismolocalmedellin.com\/","name":"Turismo Local Medell\u00edn","description":"","publisher":{"@id":"https:\/\/turismolocalmedellin.com\/#organization"},"potentialAction":[{"@type":"SearchAction","target":{"@type":"EntryPoint","urlTemplate":"https:\/\/turismolocalmedellin.com\/?s={search_term_string}"},"query-input":{"@type":"PropertyValueSpecification","valueRequired":true,"valueName":"search_term_string"}}],"inLanguage":"es"},{"@type":"Organization","@id":"https:\/\/turismolocalmedellin.com\/#organization","name":"Turismo Local Medell\u00edn","url":"https:\/\/turismolocalmedellin.com\/","logo":{"@type":"ImageObject","inLanguage":"es","@id":"https:\/\/turismolocalmedellin.com\/#\/schema\/logo\/image\/","url":"https:\/\/turismolocalmedellin.com\/wp-content\/uploads\/2024\/09\/cropped-5.png","contentUrl":"https:\/\/turismolocalmedellin.com\/wp-content\/uploads\/2024\/09\/cropped-5.png","width":512,"height":512,"caption":"Turismo Local Medell\u00edn"},"image":{"@id":"https:\/\/turismolocalmedellin.com\/#\/schema\/logo\/image\/"},"sameAs":["https:\/\/web.facebook.com\/profile.php?id=61553393267879","https:\/\/www.instagram.com\/turismolocalmedellin\/"]}]}},"_links":{"self":[{"href":"https:\/\/turismolocalmedellin.com\/index.php\/wp-json\/wp\/v2\/pages\/252984"}],"collection":[{"href":"https:\/\/turismolocalmedellin.com\/index.php\/wp-json\/wp\/v2\/pages"}],"about":[{"href":"https:\/\/turismolocalmedellin.com\/index.php\/wp-json\/wp\/v2\/types\/page"}],"author":[{"embeddable":true,"href":"https:\/\/turismolocalmedellin.com\/index.php\/wp-json\/wp\/v2\/users\/2"}],"replies":[{"embeddable":true,"href":"https:\/\/turismolocalmedellin.com\/index.php\/wp-json\/wp\/v2\/comments?post=252984"}],"version-history":[{"count":29,"href":"https:\/\/turismolocalmedellin.com\/index.php\/wp-json\/wp\/v2\/pages\/252984\/revisions"}],"predecessor-version":[{"id":253646,"href":"https:\/\/turismolocalmedellin.com\/index.php\/wp-json\/wp\/v2\/pages\/252984\/revisions\/253646"}],"wp:attachment":[{"href":"https:\/\/turismolocalmedellin.com\/index.php\/wp-json\/wp\/v2\/media?parent=252984"}],"curies":[{"name":"wp","href":"https:\/\/api.w.org\/{rel}","templated":true}]}}